{"id":6420,"date":"2025-05-22T17:25:32","date_gmt":"2025-05-22T22:25:32","guid":{"rendered":"https:\/\/duvetex.com\/producto\/plumon-de-plumas\/"},"modified":"2025-11-10T20:56:21","modified_gmt":"2025-11-11T01:56:21","slug":"plumon-de-plumas","status":"publish","type":"product","link":"https:\/\/duvetex.com\/en\/producto\/plumon-de-plumas\/","title":{"rendered":"Plumon de Plumas"},"content":{"rendered":"<p><strong>Size:<\/strong>&nbsp;<\/p>\n<p>Size:<br \/>\n1.5 Place: 170 cm x 230 cm<br \/>\n2 Place: 210 cm x 240 cm<br \/>\nQueen: 230 cm x 240 cm<br \/>\nKing: 270 cm x 240 cm<\/p>\n","protected":false},"excerpt":{"rendered":"<p><span data-sheets-value=\"{\"1\":2,\"2\":\"Para Friolentos, Edredones hechos de tela Algod\u00f3n Pima de 260 Hilos 100% algod\u00f3ny rellenos de fibra hipoalerg\u00e9nica de 300 gramos, que te van a dar esa sensaci\u00f3n de dormir sobre una nube por lo suaves y esponjosos que son, ideales para climas fr\u00edos. Adem\u00e1s, la tela algod\u00f3n Pima te cuida de posibles alergias por ser una fibra natural alargada seleccionada manualmente.\"}\" data-sheets-userformat=\"{\"2\":4993,\"3\":{\"1\":0},\"10\":2,\"11\":4,\"12\":0,\"15\":\"Arial\"}\">For those who get cold easily, comforters made of 100% cotton fabric and filled with 100% goose down will give you the feeling of sleeping on a cloud because of how soft and fluffy they are, ideal for cold climates. <\/span><\/p>\n<section class=\"elementor-section elementor-top-section elementor-element elementor-element-3f0444d elementor-reverse-mobile elementor-section-boxed elementor-section-height-default elementor-section-height-default\" data-id=\"3f0444d\" data-element_type=\"section\">\n<div class=\"elementor-container elementor-column-gap-wide\">\n<div class=\"elementor-column elementor-col-100 elementor-top-column elementor-element elementor-element-3f6625e1\" data-id=\"3f6625e1\" data-element_type=\"column\">\n<div class=\"elementor-widget-wrap elementor-element-populated\">\n<div class=\"elementor-element elementor-element-60be2f30 elementor-widget elementor-widget-woocommerce-product-data-tabs\" data-id=\"60be2f30\" data-element_type=\"widget\" data-widget_type=\"woocommerce-product-data-tabs.default\">\n<div class=\"elementor-widget-container\">\n<div class=\"woocommerce-tabs wc-tabs-wrapper\">\n<div id=\"tab-description\" class=\"woocommerce-Tabs-panel woocommerce-Tabs-panel--description panel entry-content wc-tab\" role=\"tabpanel\" aria-labelledby=\"tab-title-description\">\n<p>&nbsp;<\/p>\n<\/div>\n<\/div>\n<\/div>\n<\/div>\n<\/div>\n<\/div>\n<\/div>\n<\/section>\n<section class=\"elementor-section elementor-top-section elementor-element elementor-element-0122a3a elementor-section-boxed elementor-section-height-default elementor-section-height-default\" data-id=\"0122a3a\" data-element_type=\"section\">\n<div class=\"elementor-container elementor-column-gap-default\">\n<div class=\"elementor-column elementor-col-100 elementor-top-column elementor-element elementor-element-98b2bce\" data-id=\"98b2bce\" data-element_type=\"column\">\n<div class=\"elementor-widget-wrap elementor-element-populated\">\n<div class=\"elementor-element elementor-element-242f0bd elementor-widget elementor-widget-heading\" data-id=\"242f0bd\" data-element_type=\"widget\" data-widget_type=\"heading.default\">\n<div class=\"elementor-widget-container\"><\/div>\n<\/div>\n<\/div>\n<\/div>\n<\/div>\n<\/section>\n","protected":false},"featured_media":5622,"template":"","meta":{"inline_featured_image":false},"product_brand":[],"product_cat":[167,178,177,175],"product_tag":[],"class_list":{"0":"post-6420","1":"product","2":"type-product","3":"status-publish","4":"has-post-thumbnail","6":"product_cat-bed","7":"product_cat-hypoallergenic-down-comforter-duvet-bedspread","8":"product_cat-spring-summer","9":"product_cat-top-winter","11":"first","12":"instock","13":"sale","14":"shipping-taxable","15":"purchasable","16":"product-type-variable"},"_links":{"self":[{"href":"https:\/\/duvetex.com\/en\/wp-json\/wp\/v2\/product\/6420","targetHints":{"allow":["GET"]}}],"collection":[{"href":"https:\/\/duvetex.com\/en\/wp-json\/wp\/v2\/product"}],"about":[{"href":"https:\/\/duvetex.com\/en\/wp-json\/wp\/v2\/types\/product"}],"version-history":[{"count":2,"href":"https:\/\/duvetex.com\/en\/wp-json\/wp\/v2\/product\/6420\/revisions"}],"predecessor-version":[{"id":6426,"href":"https:\/\/duvetex.com\/en\/wp-json\/wp\/v2\/product\/6420\/revisions\/6426"}],"wp:featuredmedia":[{"embeddable":true,"href":"https:\/\/duvetex.com\/en\/wp-json\/wp\/v2\/media\/5622"}],"wp:attachment":[{"href":"https:\/\/duvetex.com\/en\/wp-json\/wp\/v2\/media?parent=6420"}],"wp:term":[{"taxonomy":"product_brand","embeddable":true,"href":"https:\/\/duvetex.com\/en\/wp-json\/wp\/v2\/product_brand?post=6420"},{"taxonomy":"product_cat","embeddable":true,"href":"https:\/\/duvetex.com\/en\/wp-json\/wp\/v2\/product_cat?post=6420"},{"taxonomy":"product_tag","embeddable":true,"href":"https:\/\/duvetex.com\/en\/wp-json\/wp\/v2\/product_tag?post=6420"}],"curies":[{"name":"wp","href":"https:\/\/api.w.org\/{rel}","templated":true}]}}