{"id":6427,"date":"2023-09-04T16:03:20","date_gmt":"2023-09-04T21:03:20","guid":{"rendered":"https:\/\/duvetex.com\/producto\/plumon-edredon-standard-3-temporadas-clasicos\/"},"modified":"2023-09-04T16:03:20","modified_gmt":"2023-09-04T21:03:20","slug":"plumon-edredon-standard-3-temporadas-clasicos","status":"publish","type":"product","link":"https:\/\/duvetex.com\/en\/producto\/plumon-edredon-standard-3-temporadas-clasicos\/","title":{"rendered":"Plum\u00f3n\/ Edred\u00f3n Standard 3 temporadas Cl\u00e1sicos"},"content":{"rendered":"<p><strong>Size:<\/strong><\/p>\n<p>1. place: 1.40m wide x 2.30m long<\/p>\n<p>1.5 Plaza: 1.90m wide x 2.50m long<\/p>\n<p>2 Seats: 2.25m wide x 2.50m long<\/p>\n<p><strong>Queen:<\/strong> 2.45m wide x 2.50m long<\/p>\n<p><strong>King Size:<\/strong> 2.90m wide x 2.50m long<\/p>\n<p>&nbsp;<\/p>\n","protected":false},"excerpt":{"rendered":"<p><span data-sheets-value=\"{\"1\":2,\"2\":\"Edredones Antial\u00e9rgicos perfecto para invierno, hechos de Algod\u00f3n Pima de 200 Hilos y s\u00faper esponjosos ya que son rellenos de fibra hipoalerg\u00e9nica de 150 gramos.\"}\" data-sheets-userformat=\"{\"2\":31235,\"3\":{\"1\":0},\"4\":{\"1\":2,\"2\":15724527},\"12\":0,\"14\":{\"1\":2,\"2\":5849644},\"15\":\"Arial\",\"16\":11,\"17\":1}\">Hypoallergenic comforters perfect for winter, made of 200 thread count Pima cotton and super fluffy as they are filled with hypoallergenic fiber of 150, 120 and 60 grams.<\/span><\/p>\n<section class=\"elementor-section elementor-top-section elementor-element elementor-element-3f0444d elementor-reverse-mobile elementor-section-boxed elementor-section-height-default elementor-section-height-default\" data-id=\"3f0444d\" data-element_type=\"section\">\n<div class=\"elementor-container elementor-column-gap-wide\">\n<div class=\"elementor-column elementor-col-100 elementor-top-column elementor-element elementor-element-3f6625e1\" data-id=\"3f6625e1\" data-element_type=\"column\">\n<div class=\"elementor-widget-wrap elementor-element-populated\">\n<div class=\"elementor-element elementor-element-60be2f30 elementor-widget elementor-widget-woocommerce-product-data-tabs\" data-id=\"60be2f30\" data-element_type=\"widget\" data-widget_type=\"woocommerce-product-data-tabs.default\">\n<div class=\"elementor-widget-container\">\n<div class=\"woocommerce-tabs wc-tabs-wrapper\">\n<div id=\"tab-description\" class=\"woocommerce-Tabs-panel woocommerce-Tabs-panel--description panel entry-content wc-tab\" role=\"tabpanel\" aria-labelledby=\"tab-title-description\">\n<p>Product includes a free vacuum bag (case not included).<\/p>\n<\/div>\n<\/div>\n<\/div>\n<\/div>\n<\/div>\n<\/div>\n<\/div>\n<\/section>\n<section class=\"elementor-section elementor-top-section elementor-element elementor-element-0122a3a elementor-section-boxed elementor-section-height-default elementor-section-height-default\" data-id=\"0122a3a\" data-element_type=\"section\">\n<div class=\"elementor-container elementor-column-gap-default\">\n<div class=\"elementor-column elementor-col-100 elementor-top-column elementor-element elementor-element-98b2bce\" data-id=\"98b2bce\" data-element_type=\"column\">\n<div class=\"elementor-widget-wrap elementor-element-populated\">\n<div class=\"elementor-element elementor-element-242f0bd elementor-widget elementor-widget-heading\" data-id=\"242f0bd\" data-element_type=\"widget\" data-widget_type=\"heading.default\">\n<div class=\"elementor-widget-container\"><\/div>\n<\/div>\n<\/div>\n<\/div>\n<\/div>\n<\/section>\n","protected":false},"featured_media":5727,"template":"","meta":{"inline_featured_image":false},"product_brand":[],"product_cat":[167,178],"product_tag":[],"class_list":{"0":"post-6427","1":"product","2":"type-product","3":"status-publish","4":"has-post-thumbnail","6":"product_cat-bed","7":"product_cat-hypoallergenic-down-comforter-duvet-bedspread","9":"first","10":"instock","11":"shipping-taxable","12":"purchasable","13":"product-type-variable"},"_links":{"self":[{"href":"https:\/\/duvetex.com\/en\/wp-json\/wp\/v2\/product\/6427","targetHints":{"allow":["GET"]}}],"collection":[{"href":"https:\/\/duvetex.com\/en\/wp-json\/wp\/v2\/product"}],"about":[{"href":"https:\/\/duvetex.com\/en\/wp-json\/wp\/v2\/types\/product"}],"version-history":[{"count":0,"href":"https:\/\/duvetex.com\/en\/wp-json\/wp\/v2\/product\/6427\/revisions"}],"wp:featuredmedia":[{"embeddable":true,"href":"https:\/\/duvetex.com\/en\/wp-json\/wp\/v2\/media\/5727"}],"wp:attachment":[{"href":"https:\/\/duvetex.com\/en\/wp-json\/wp\/v2\/media?parent=6427"}],"wp:term":[{"taxonomy":"product_brand","embeddable":true,"href":"https:\/\/duvetex.com\/en\/wp-json\/wp\/v2\/product_brand?post=6427"},{"taxonomy":"product_cat","embeddable":true,"href":"https:\/\/duvetex.com\/en\/wp-json\/wp\/v2\/product_cat?post=6427"},{"taxonomy":"product_tag","embeddable":true,"href":"https:\/\/duvetex.com\/en\/wp-json\/wp\/v2\/product_tag?post=6427"}],"curies":[{"name":"wp","href":"https:\/\/api.w.org\/{rel}","templated":true}]}}