{"id":6497,"date":"2024-04-16T17:24:54","date_gmt":"2024-04-16T22:24:54","guid":{"rendered":"https:\/\/duvetex.com\/producto\/pack-plumon-hipoalergenico-sabanas-set-5-piezas-rust\/"},"modified":"2025-11-10T23:41:38","modified_gmt":"2025-11-11T04:41:38","slug":"pack-plumon-hipoalergenico-sabanas-set-5-piezas-rust","status":"publish","type":"product","link":"https:\/\/duvetex.com\/en\/producto\/pack-plumon-hipoalergenico-sabanas-set-5-piezas-rust\/","title":{"rendered":"PACK PLUM\u00d3N HIPOALERG\u00c9NICO + S\u00c1BANAS SET 5 PIEZAS RUST"},"content":{"rendered":"","protected":false},"excerpt":{"rendered":"<p>Discover the new way to sleep with our Rust Hypoallergenic Down + Vapor Lead Sheet Pack!<\/p>\n<p>Transform your bed into a cloud of comfort with our hypoallergenic 200-thread-count Perupima down comforter and 200-thread-count Perupima sheets, ideal for year-round use. Sleep like you&#8217;re on a cloud.<\/p>\n<h2>Description<\/h2>\n<p><strong>Size:<\/strong><\/p>\n<p>2 Seats: 1.90m wide x 2.50m long<\/p>\n<p>2 Seats: 2.25m wide x 2.50m long<\/p>\n<p>Queen: 2.45m wide x 2.50m long<\/p>\n<p>King Size: 2.90m wide x 2.50m long<\/p>\n<section class=\"elementor-section elementor-top-section elementor-element elementor-element-3f0444d elementor-reverse-mobile elementor-section-boxed elementor-section-height-default elementor-section-height-default\" data-id=\"3f0444d\" data-element_type=\"section\">\n<div class=\"elementor-container elementor-column-gap-wide\">\n<div class=\"elementor-column elementor-col-100 elementor-top-column elementor-element elementor-element-3f6625e1\" data-id=\"3f6625e1\" data-element_type=\"column\">\n<div class=\"elementor-widget-wrap elementor-element-populated\">\n<div class=\"elementor-element elementor-element-60be2f30 elementor-widget elementor-widget-woocommerce-product-data-tabs\" data-id=\"60be2f30\" data-element_type=\"widget\" data-widget_type=\"woocommerce-product-data-tabs.default\">\n<div class=\"elementor-widget-container\">\n<div class=\"woocommerce-tabs wc-tabs-wrapper\">\n<div id=\"tab-description\" class=\"woocommerce-Tabs-panel woocommerce-Tabs-panel--description panel entry-content wc-tab\" role=\"tabpanel\" aria-labelledby=\"tab-title-description\">\n<p>Product includes a free vacuum bag (case not included).<\/p>\n<\/div>\n<\/div>\n<\/div>\n<\/div>\n<\/div>\n<\/div>\n<\/div>\n<\/section>\n<section class=\"elementor-section elementor-top-section elementor-element elementor-element-0122a3a elementor-section-boxed elementor-section-height-default elementor-section-height-default\" data-id=\"0122a3a\" data-element_type=\"section\">\n<div class=\"elementor-container elementor-column-gap-default\">\n<div class=\"elementor-column elementor-col-100 elementor-top-column elementor-element elementor-element-98b2bce\" data-id=\"98b2bce\" data-element_type=\"column\">\n<div class=\"elementor-widget-wrap elementor-element-populated\">\n<div class=\"elementor-element elementor-element-242f0bd elementor-widget elementor-widget-heading\" data-id=\"242f0bd\" data-element_type=\"widget\" data-widget_type=\"heading.default\">\n<div class=\"elementor-widget-container\"><\/div>\n<\/div>\n<\/div>\n<\/div>\n<\/div>\n<\/section>\n","protected":false},"featured_media":6210,"template":"","meta":{"inline_featured_image":false},"product_brand":[],"product_cat":[262],"product_tag":[266],"class_list":{"0":"post-6497","1":"product","2":"type-product","3":"status-publish","4":"has-post-thumbnail","6":"product_cat-packs-en","7":"product_tag-266","9":"first","10":"instock","11":"sale","12":"shipping-taxable","13":"purchasable","14":"product-type-variable","15":"has-default-attributes"},"_links":{"self":[{"href":"https:\/\/duvetex.com\/en\/wp-json\/wp\/v2\/product\/6497","targetHints":{"allow":["GET"]}}],"collection":[{"href":"https:\/\/duvetex.com\/en\/wp-json\/wp\/v2\/product"}],"about":[{"href":"https:\/\/duvetex.com\/en\/wp-json\/wp\/v2\/types\/product"}],"version-history":[{"count":1,"href":"https:\/\/duvetex.com\/en\/wp-json\/wp\/v2\/product\/6497\/revisions"}],"predecessor-version":[{"id":6520,"href":"https:\/\/duvetex.com\/en\/wp-json\/wp\/v2\/product\/6497\/revisions\/6520"}],"wp:featuredmedia":[{"embeddable":true,"href":"https:\/\/duvetex.com\/en\/wp-json\/wp\/v2\/media\/6210"}],"wp:attachment":[{"href":"https:\/\/duvetex.com\/en\/wp-json\/wp\/v2\/media?parent=6497"}],"wp:term":[{"taxonomy":"product_brand","embeddable":true,"href":"https:\/\/duvetex.com\/en\/wp-json\/wp\/v2\/product_brand?post=6497"},{"taxonomy":"product_cat","embeddable":true,"href":"https:\/\/duvetex.com\/en\/wp-json\/wp\/v2\/product_cat?post=6497"},{"taxonomy":"product_tag","embeddable":true,"href":"https:\/\/duvetex.com\/en\/wp-json\/wp\/v2\/product_tag?post=6497"}],"curies":[{"name":"wp","href":"https:\/\/api.w.org\/{rel}","templated":true}]}}